{"id":435,"date":"2023-06-12T02:26:22","date_gmt":"2023-06-12T02:26:22","guid":{"rendered":"https:\/\/m88club.net\/casino-truc-tuyen\/"},"modified":"2023-06-12T02:26:22","modified_gmt":"2023-06-12T02:26:22","slug":"casino-truc-tuyen","status":"publish","type":"page","link":"https:\/\/jthras.com\/en\/casino-truc-tuyen\/","title":{"rendered":"Casino"},"content":{"rendered":"\n\t<section class=\"section section-page\" id=\"section_859012607\">\n\t\t<div class=\"section-bg fill\" >\n\t\t\t<img loading=\"lazy\" decoding=\"async\" width=\"1920\" height=\"931\" src=\"https:\/\/jthras.com\/wp-content\/uploads\/2023\/05\/background.jpg\" class=\"bg attachment- size-\" alt=\"\" \/>\t\t\t\t\t\t\n\t\t\t\n\n\t\t<\/div>\n\n\t\t\n\n\t\t<div class=\"section-content relative\">\n\t\t\t\n<div class=\"row\"  id=\"row-1395483313\">\n\n\t<div id=\"col-1247547584\" class=\"col small-12 large-12\"  >\n\t\t\t\t<div class=\"col-inner\"  >\n\t\t\t\n\t\t\t\n<h1 style=\"text-align: center;\"><span style=\"color: #ed1c24;\"><em><b>Casino M88 c\u00f3 g\u00ec \u0111\u1eb7c bi\u1ec7t? Top game h\u1ea5p d\u1eabn nh\u1ea5t t\u1ea1i M88<\/b><\/em><\/span><\/h1>\n<p><span style=\"font-weight: 400;\">Casino <a href=\"https:\/\/jthras.com\/en\/\"><span style=\"color: #ffff00;\"><em><strong>M88<\/strong><\/em><\/span><\/a> club \u0111\u01b0\u1ee3c \u0111\u00e1nh gi\u00e1 l\u00e0 m\u1ed9t trong nh\u1eefng s\u00f2ng b\u00e0i casino tr\u1ef1c tuy\u1ebfn h\u1ea5p d\u1eabn h\u00e0ng \u0111\u1ea7u hi\u1ec7n nay. \u0110\u1ebfn v\u1edbi s\u00e2n ch\u01a1i n\u00e0y anh em s\u1ebd \u0111\u01b0\u1ee3c tr\u1ea3i nghi\u1ec7m t\u1ea5t c\u1ea3 c\u00e1c d\u1ecbch v\u1ee5 casino c\u00f9ng t\u1ef7 l\u1ec7 tr\u1ea3 th\u01b0\u1edfng cao ng\u1ea5t ng\u01b0\u1edfng. V\u1eady n\u00ean M88 \u0111\u00e3 nhanh ch\u00f3ng chi\u1ebfm l\u0129nh th\u1ecb tr\u01b0\u1eddng c\u00e1 c\u01b0\u1ee3c casino hi\u1ec7n nay.\u00a0<\/span><\/p>\n<h2><b>Casino M88 c\u00f3 g\u00ec \u0111\u1eb7c bi\u1ec7t?<\/b><\/h2>\n<figure id=\"attachment_191\" aria-describedby=\"caption-attachment-191\" style=\"width: 1539px\" class=\"wp-caption aligncenter\"><img loading=\"lazy\" decoding=\"async\" class=\"wp-image-191 size-full\" src=\"https:\/\/jthras.com\/wp-content\/uploads\/2023\/05\/m88-la-cai-ten-dang-cap-ve-ca-cuoc.webp\" alt=\"Tr\u1ea3i nghi\u1ec7m th\u00fa v\u1ecb t\u1eeb M88 casino tr\u1ef1c tuy\u1ebfn h\u1ea5p d\u1eabn\" width=\"1539\" height=\"822\" srcset=\"https:\/\/jthras.com\/wp-content\/uploads\/2023\/05\/m88-la-cai-ten-dang-cap-ve-ca-cuoc.webp 1539w, https:\/\/jthras.com\/wp-content\/uploads\/2023\/05\/m88-la-cai-ten-dang-cap-ve-ca-cuoc-300x160.webp 300w, https:\/\/jthras.com\/wp-content\/uploads\/2023\/05\/m88-la-cai-ten-dang-cap-ve-ca-cuoc-1024x547.webp 1024w, https:\/\/jthras.com\/wp-content\/uploads\/2023\/05\/m88-la-cai-ten-dang-cap-ve-ca-cuoc-768x410.webp 768w, https:\/\/jthras.com\/wp-content\/uploads\/2023\/05\/m88-la-cai-ten-dang-cap-ve-ca-cuoc-1536x820.webp 1536w\" sizes=\"auto, (max-width: 1539px) 100vw, 1539px\" \/><figcaption id=\"caption-attachment-191\" class=\"wp-caption-text\">Tr\u1ea3i nghi\u1ec7m th\u00fa v\u1ecb t\u1eeb M88 casino tr\u1ef1c tuy\u1ebfn h\u1ea5p d\u1eabn<\/figcaption><\/figure>\n<p><span style=\"font-weight: 400;\">Casino M88 lu\u00f4n \u0111\u1ea3m b\u1ea3o mang \u0111\u1ebfn cho ng\u01b0\u1eddi ch\u01a1i nh\u1eefng tr\u1ea3i nghi\u1ec7m tuy\u1ec7t v\u1eddi. \u0110\u00e2y c\u0169ng ch\u00ednh l\u00e0 l\u00fd do khi\u1ebfn cho s\u1ed1 l\u01b0\u1ee3ng th\u00e0nh vi\u00ean c\u1ee7a M88 ng\u00e0y c\u00e0ng gia t\u0103ng. \u0110\u01a1n gi\u1ea3n ch\u1ec9 c\u1ea7n m\u1ed9t chi\u1ebfc \u0111i\u1ec7n tho\u1ea1i ho\u1eb7c m\u00e1y t\u00ednh k\u1ebft n\u1ed1i internet, anh em \u0111\u00e3 c\u00f3 th\u1ec3 tham gia v\u00e0o tr\u00f2 ch\u01a1i m\u1ecdi l\u00fac, m\u1ecdi n\u01a1i. Casino M88 c\u00f3 nh\u1eefng \u01b0u \u0111i\u1ec3m n\u1ed5i b\u1eadt sau \u0111\u00e2y:<\/span><\/p>\n<h3><b>Tr\u1ea3i nghi\u1ec7m d\u1ecbch v\u1ee5 t\u1ed1t<\/b><\/h3>\n<p><span style=\"font-weight: 400;\">Ngo\u00e0i c\u00e1c tr\u00f2 c\u00e1 \u0111\u1ed9 th\u1ec3 thao v\u00e0 b\u00f3ng \u0111\u00e1, M88 c\u00f2n cung c\u1ea5p cho ng\u01b0\u1eddi ch\u01a1i c\u00e1c tr\u00f2 ch\u01a1i casino th\u00fa v\u1ecb nh\u01b0 Baccarat, Roulette, Ti\u1ebfn l\u00ean, Blackjack, Sicbo&#8230; V\u1edbi d\u1ecbch v\u1ee5 chuy\u00ean nghi\u1ec7p, nhi\u1ec1u h\u00ecnh th\u1ee9c \u0111\u1eb7t c\u01b0\u1ee3c c\u00f9ng t\u1ef7 l\u1ec7 tr\u1ea3 th\u01b0\u1edfng cao, ng\u01b0\u1eddi ch\u01a1i s\u1ebd \u0111\u01b0\u1ee3c tr\u1ea3i nghi\u1ec7m c\u00f4ng ngh\u1ec7 live casino c\u1ef1c \u0111\u00e3. M88 Club mang \u0111\u1ebfn cho ng\u01b0\u1eddi ch\u01a1i c\u1ea3m gi\u00e1c nh\u01b0 \u0111ang tham gia v\u00e0o c\u00e1c s\u00f2ng b\u00e0i th\u1ef1c th\u1ee5 c\u00f9ng c\u00e1c dealer chuy\u00ean nghi\u1ec7p v\u00e0 quy\u1ebfn r\u0169.<\/span><\/p>\n<h3><b>Ch\u01b0\u01a1ng tr\u00ecnh khuy\u1ebfn m\u00e3i Casino M88 \u0111\u1eb3ng c\u1ea5p<\/b><\/h3>\n<p><span style=\"font-weight: 400;\">Casino M88 th\u01b0\u1eddng xuy\u00ean t\u1ed5 ch\u1ee9c c\u00e1c ch\u01b0\u01a1ng tr\u00ecnh <a href=\"https:\/\/jthras.com\/khuyen-mai-m88\/\"><span style=\"color: #ffff00;\"><em><strong>khuy\u1ebfn m\u00e3i M88<\/strong><\/em><\/span><\/a> li\u00ean quan \u0111\u1ebfn vi\u1ec7c n\u1ea1p th\u1ebb, \u0111\u1eb7c bi\u1ec7t trong c\u00e1c s\u1ef1 ki\u1ec7n \u0111\u1eb7c bi\u1ec7t v\u00e0 c\u00e1c ng\u00e0y l\u1ec5 l\u1edbn. Ngo\u00e0i ra, M88 c\u0169ng c\u00f3 ch\u01b0\u01a1ng tr\u00ecnh khuy\u1ebfn m\u00e3i d\u00e0nh cho th\u00e0nh vi\u00ean m\u1edbi v\u00e0 c\u00e1c ch\u01b0\u01a1ng tr\u00ecnh tri \u00e2n kh\u00e1ch h\u00e0ng, t\u1ea1o th\u00eam ni\u1ec1m vui v\u00e0 s\u1ef1 h\u00e0o h\u1ee9ng cho ng\u01b0\u1eddi ch\u01a1i.<\/span><\/p>\n<h3><b>Giao d\u1ecbch nhanh ch\u00f3ng<\/b><\/h3>\n<p><span style=\"font-weight: 400;\">V\u1edbi kinh nghi\u1ec7m ho\u1ea1t \u0111\u1ed9ng nhi\u1ec1u n\u0103m, Casino M88\u00a0 h\u1ed7 tr\u1ee3 nhi\u1ec1u ph\u01b0\u01a1ng th\u1ee9c thanh to\u00e1n v\u00e0 giao d\u1ecbch nhanh ch\u00f3ng v\u1edbi nhi\u1ec1u ng\u00e2n h\u00e0ng l\u1edbn. T\u1ea5t c\u1ea3 th\u00f4ng tin giao d\u1ecbch <a href=\"https:\/\/jthras.com\/nap-tien-m88\/\"><span style=\"color: #ffff00;\"><em><strong>n\u1ea1p ti\u1ec1n M88<\/strong><\/em><\/span><\/a> v\u00e0 <a href=\"https:\/\/jthras.com\/rut-tien-m88\/\"><span style=\"color: #ffff00;\"><em><strong>r\u00fat ti\u1ec1n M88<\/strong><\/em><\/span><\/a> \u0111\u1ec1u \u0111\u01b0\u1ee3c b\u1ea3o m\u1eadt v\u00e0 \u0111\u1ea3m b\u1ea3o an to\u00e0n.<\/span><\/p>\n<h3><b>T\u1ef7 l\u1ec7 tr\u1ea3 th\u01b0\u1edfng Casino M88 cao<\/b><\/h3>\n<p><span style=\"font-weight: 400;\">C\u00e1c tr\u00f2 ch\u01a1i t\u1ea1i M88 Casino c\u00f3 nhi\u1ec1u c\u1eeda \u0111\u1eb7t c\u01b0\u1ee3c kh\u00e1c nhau, mang \u0111\u1ebfn cho ng\u01b0\u1eddi ch\u01a1i s\u1ef1 l\u1ef1a ch\u1ecdn linh ho\u1ea1t v\u1edbi t\u1ef7 l\u1ec7 tr\u1ea3 th\u01b0\u1edfng cao nh\u1ea5t tr\u00ean th\u1ecb tr\u01b0\u1eddng. Tham gia c\u00e1c tr\u00f2 ch\u01a1i \u0111\u00e1nh b\u00e0i t\u1ea1i M88, ng\u01b0\u1eddi ch\u01a1i s\u1ebd v\u1eeba \u0111\u01b0\u1ee3c gi\u1ea3i tr\u00ed v\u1eeba c\u00f3 c\u01a1 h\u1ed9i \u0111\u1eb7t c\u01b0\u1ee3c \u0111\u1ec3 gi\u00e0nh nh\u1eefng ph\u1ea7n th\u01b0\u1edfng c\u1ef1c cao.<\/span><\/p>\n<h2><b>T\u1ed5ng h\u1ee3p c\u00e1c game Casino M88 \u0111\u1eb3ng c\u1ea5p v\u00e0 hi\u1ec7n \u0111\u1ea1i nh\u1ea5t\u00a0<\/b><\/h2>\n<figure id=\"attachment_237\" aria-describedby=\"caption-attachment-237\" style=\"width: 1732px\" class=\"wp-caption aligncenter\"><img loading=\"lazy\" decoding=\"async\" class=\"wp-image-237 size-full\" src=\"https:\/\/jthras.com\/wp-content\/uploads\/2023\/06\/He-thong-tro-choi-hap-dan.png\" alt=\"H\u1ec7 th\u1ed1ng tr\u00f2 ch\u01a1i h\u1ea5p d\u1eabn\" width=\"1732\" height=\"559\" srcset=\"https:\/\/jthras.com\/wp-content\/uploads\/2023\/06\/He-thong-tro-choi-hap-dan.png 1732w, https:\/\/jthras.com\/wp-content\/uploads\/2023\/06\/He-thong-tro-choi-hap-dan-300x97.png 300w, https:\/\/jthras.com\/wp-content\/uploads\/2023\/06\/He-thong-tro-choi-hap-dan-1024x330.png 1024w, https:\/\/jthras.com\/wp-content\/uploads\/2023\/06\/He-thong-tro-choi-hap-dan-768x248.png 768w, https:\/\/jthras.com\/wp-content\/uploads\/2023\/06\/He-thong-tro-choi-hap-dan-1536x496.png 1536w\" sizes=\"auto, (max-width: 1732px) 100vw, 1732px\" \/><figcaption id=\"caption-attachment-237\" class=\"wp-caption-text\">H\u1ec7 th\u1ed1ng tr\u00f2 ch\u01a1i h\u1ea5p d\u1eabn<\/figcaption><\/figure>\n<p><span style=\"font-weight: 400;\">Nh\u00e0 c\u00e1i M88 cung c\u1ea5p h\u1ea7u h\u1ebft t\u1ea5t c\u1ea3 c\u00e1c t\u1ef1a game casino n\u1ed5i ti\u1ebfng tr\u00ean th\u1ecb tr\u01b0\u1eddng hi\u1ec7n nay. Tuy nhi\u00ean n\u1ed5i b\u1eadt nh\u1ea5t c\u00f3 th\u1ec3 k\u1ec3 \u0111\u1ebfn nh\u01b0 l\u00e0:\u00a0<\/span><\/p>\n<h3><b>Roulette M88<\/b><\/h3>\n<p><span style=\"font-weight: 400;\">Tr\u00f2 ch\u01a1i Roulette, hay c\u00f2 quay, l\u00e0 m\u1ed9t tr\u00f2 ch\u01a1i \u0111\u1ed9c \u0111\u00e1o di\u1ec5n ra tr\u00ean m\u1ed9t b\u00e0n quay c\u00f3 c\u00e1c s\u1ed1 t\u1eeb 0 \u0111\u1ebfn 36 v\u00e0 c\u00e1c m\u00e0u s\u1eafc \u0111\u1ecf v\u00e0 \u0111en, k\u00e8m theo m\u1ed9t qu\u1ea3 b\u00f3ng. Khi tr\u00f2 ch\u01a1i b\u1eaft \u0111\u1ea7u, qu\u1ea3 b\u00f3ng s\u1ebd \u0111\u01b0\u1ee3c tung v\u00e0o b\u00e0n quay v\u00e0 ng\u01b0\u1eddi ch\u01a1i c\u00f3 th\u1ec3 \u0111\u1eb7t c\u01b0\u1ee3c b\u1eb1ng c\u00e1ch \u0111\u1eb7t chip l\u00ean b\u00e0n theo \u00fd mu\u1ed1n c\u1ee7a m\u00ecnh.<\/span><\/p>\n<p><span style=\"font-weight: 400;\">Hi\u1ec7n nay, c\u00f3 hai lo\u1ea1i b\u00e0n quay Roulette ph\u1ed5 bi\u1ebfn t\u1ea1i c\u00e1c s\u00f2ng b\u1ea1c: American Roulette (Roulette M\u1ef9) v\u00e0 European Roulette (Roulette Ch\u00e2u \u00c2u). Ng\u01b0\u1eddi ch\u01a1i c\u00f3 nhi\u1ec1u l\u1ef1a ch\u1ecdn khi \u0111\u1eb7t c\u01b0\u1ee3c trong tr\u00f2 ch\u01a1i Roulette, bao g\u1ed3m c\u01b0\u1ee3c \u0111\u1ecf &#8211; \u0111en, c\u01b0\u1ee3c ch\u1eb5n &#8211; l\u1ebb, 1\/2 b\u00e0n, 12 s\u1ed1, c\u01b0\u1ee3c h\u00e0ng&#8230;<\/span><\/p>\n<p>\u00a0<\/p>\n<h3><b>Baccarat M88<\/b><\/h3>\n<p><span style=\"font-weight: 400;\">Baccarat l\u00e0 m\u1ed9t tr\u00f2 ch\u01a1i s\u1eed d\u1ee5ng t\u1eeb 4 \u0111\u1ebfn 8 b\u1ed9 b\u00e0i t\u00e2y, m\u1ed7i b\u1ed9 g\u1ed3m 52 qu\u00e2n, kh\u00f4ng bao g\u1ed3m qu\u00e2n joker hay wild card. M\u1ee5c ti\u00eau c\u1ee7a tr\u00f2 ch\u01a1i l\u00e0 \u0111\u1ec3 \u0111\u1eb7t c\u01b0\u1ee3c v\u00e0o b\u00ean (Player, Banker, ho\u1eb7c Tie) c\u00f3 t\u1ed5ng \u0111i\u1ec3m g\u1ea7n v\u1edbi 9 nh\u1ea5t.<\/span><\/p>\n<p><span style=\"font-weight: 400;\">Khi ch\u01a1i, ng\u01b0\u1eddi ch\u01a1i c\u00f3 th\u1ec3 \u0111\u1eb7t c\u01b0\u1ee3c v\u00e0o c\u00e1c c\u1eeda \u0111\u1eb7c t\u1ea3 nh\u01b0 sau:<\/span><\/p>\n<ul>\n<li style=\"font-weight: 400;\" aria-level=\"1\"><span style=\"font-weight: 400;\">Player: N\u1ebfu b\u1ea1n \u0111\u1eb7t c\u01b0\u1ee3c v\u00e0o c\u1eeda Player v\u00e0 th\u1eafng, b\u1ea1n s\u1ebd \u0111\u01b0\u1ee3c tr\u1ea3 t\u1ef7 l\u1ec7 1-1.<\/span><\/li>\n<li style=\"font-weight: 400;\" aria-level=\"1\"><span style=\"font-weight: 400;\">Banker: N\u1ebfu b\u1ea1n \u0111\u1eb7t c\u01b0\u1ee3c v\u00e0o c\u1eeda Banker v\u00e0 th\u1eafng, b\u1ea1n c\u0169ng s\u1ebd \u0111\u01b0\u1ee3c tr\u1ea3 t\u1ef7 l\u1ec7 1-1. Tuy nhi\u00ean, b\u1ea1n s\u1ebd b\u1ecb tr\u1eeb m\u1ea5t 5% ti\u1ec1n hoa h\u1ed3ng cho nh\u00e0 c\u00e1i.<\/span><\/li>\n<li style=\"font-weight: 400;\" aria-level=\"1\"><span style=\"font-weight: 400;\">Tie: N\u1ebfu b\u1ea1n \u0111\u1eb7t c\u01b0\u1ee3c v\u00e0o c\u1eeda Tie v\u00e0 hai b\u00ean (Player v\u00e0 Banker) c\u00f3 \u0111i\u1ec3m s\u1ed1 b\u1eb1ng nhau, th\u00ec t\u00f9y thu\u1ed9c v\u00e0o quy \u0111\u1ecbnh c\u1ee7a t\u1eebng nh\u00e0 c\u00e1i, b\u1ea1n c\u00f3 th\u1ec3 \u0111\u01b0\u1ee3c tr\u1ea3 t\u1ef7 l\u1ec7 1-8 ho\u1eb7c 1-9.<\/span><\/li>\n<\/ul>\n<h3><b>Poker M88<\/b><\/h3>\n<p><span style=\"font-weight: 400;\">Poker, c\u00f2n \u0111\u01b0\u1ee3c g\u1ecdi l\u00e0 game x\u00ec t\u1ed1 trong ti\u1ebfng Vi\u1ec7t, l\u00e0 m\u1ed9t tr\u00f2 ch\u01a1i b\u00e0i s\u1eed d\u1ee5ng b\u1ed9 b\u00e0i t\u00e2y ti\u00eau chu\u1ea9n g\u1ed3m 52 l\u00e1. Trong m\u1ed7i v\u00e1n b\u00e0i, m\u1ed7i ng\u01b0\u1eddi ch\u01a1i s\u1ebd \u0111\u01b0\u1ee3c chia c\u00e1c l\u00e1 b\u00e0i ri\u00eang v\u00e0 c\u00e1c l\u00e1 b\u00e0i chung s\u1ebd \u0111\u01b0\u1ee3c l\u1eadt tr\u00ean b\u00e0n. Game th\u1ee7 s\u1ebd ti\u1ebfn h\u00e0nh l\u1ea7n l\u01b0\u1ee3t \u0111\u1eb7t c\u01b0\u1ee3c trong c\u00e1c v\u00f2ng c\u01b0\u1ee3c.<\/span><\/p>\n<p><span style=\"font-weight: 400;\">Khi k\u1ebft th\u00fac c\u00e1c v\u00f2ng c\u01b0\u1ee3c, ng\u01b0\u1eddi ch\u01a1i n\u00e0o c\u00f3 b\u00e0i m\u1ea1nh nh\u1ea5t &#8211; t\u1ee9c l\u00e0 k\u1ebft h\u1ee3p gi\u1eefa b\u00e0i ri\u00eang tr\u00ean tay v\u00e0 b\u00e0i chung tr\u00ean b\u00e0n &#8211; s\u1ebd tr\u1edf th\u00e0nh ng\u01b0\u1eddi chi\u1ebfn th\u1eafng. Poker l\u00e0 m\u1ed9t tr\u00f2 ch\u01a1i casino \u0111\u01b0\u1ee3c \u01b0a th\u00edch nh\u1edd s\u1ef1 k\u1ebft h\u1ee3p gi\u1eefa c\u1edd b\u1ea1c, chi\u1ebfn thu\u1eadt v\u00e0 k\u1ef9 n\u0103ng.<\/span><\/p>\n<p><span style=\"font-weight: 400;\">M\u1ed9t b\u00e0n ch\u01a1i poker th\u01b0\u1eddng c\u00f3 t\u1eeb 2 \u0111\u1ebfn 10 ng\u01b0\u1eddi ch\u01a1i v\u00e0 v\u1ecb tr\u00ed Dealer s\u1ebd lu\u00e2n phi\u00ean ti\u1ebfp n\u1ed1i nhau theo chi\u1ec1u kim \u0111\u1ed3ng h\u1ed3 sau m\u1ed7i v\u00e1n, t\u1eeb ng\u01b0\u1eddi n\u00e0y sang ng\u01b0\u1eddi ch\u01a1i kh\u00e1c.<\/span><\/p>\n<h3><b>Dragon Tiger M88\u00a0<\/b><\/h3>\n<p><span style=\"font-weight: 400;\">R\u1ed3ng H\u1ed5 c\u00f2n \u0111\u01b0\u1ee3c bi\u1ebft \u0111\u1ebfn v\u1edbi t\u00ean g\u1ecdi Dragon Tiger\u00a0 l\u00e0 m\u1ed9t tr\u00f2 ch\u01a1i \u0103n ti\u1ec1n c\u00f3 ngu\u1ed3n g\u1ed1c t\u1eeb Campuchia. M\u1ed7i v\u00e1n b\u00e0i trong R\u1ed3ng H\u1ed5 s\u1eed d\u1ee5ng t\u1eeb 6 \u0111\u1ebfn 8 b\u1ed9 b\u00e0i t\u00e2y g\u1ed3m 52 qu\u00e2n (kh\u00f4ng bao g\u1ed3m qu\u00e2n joker), v\u00e0 m\u1ed7i b\u00ean R\u1ed3ng v\u00e0 H\u1ed5 \u0111\u01b0\u1ee3c chia m\u1ed9t qu\u00e2n b\u00e0i.<\/span><\/p>\n<p><span style=\"font-weight: 400;\">Trong tr\u00f2 ch\u01a1i R\u1ed3ng H\u1ed5, c\u00f3 c\u00e1c c\u1eeda c\u01b0\u1ee3c ch\u00ednh bao g\u1ed3m: R\u1ed3ng (Dragon), H\u1ed5 (Tiger) ho\u1eb7c H\u00f2a (Draw). Ng\u01b0\u1eddi ch\u01a1i s\u1ebd \u0111\u1eb7t c\u01b0\u1ee3c v\u00e0o m\u1ed9t trong c\u00e1c c\u1eeda n\u00e0y, sau \u0111\u00f3 c\u00e1c qu\u00e2n b\u00e0i t\u1ea1i c\u00e1c c\u1eeda s\u1ebd \u0111\u01b0\u1ee3c so s\u00e1nh \u0111\u1ec3 x\u00e1c \u0111\u1ecbnh k\u1ebft qu\u1ea3. B\u00ean n\u00e0o c\u00f3 \u0111i\u1ec3m s\u1ed1 cao h\u01a1n s\u1ebd gi\u00e0nh chi\u1ebfn th\u1eafng v\u00e0 trong tr\u01b0\u1eddng h\u1ee3p \u0111i\u1ec3m s\u1ed1 b\u1eb1ng nhau, tr\u00f2 ch\u01a1i s\u1ebd k\u1ebft th\u00fac v\u1edbi k\u1ebft qu\u1ea3 h\u00f2a.<\/span><\/p>\n<h3><b>Sicbo M88<\/b><\/h3>\n<p><span style=\"font-weight: 400;\">Sicbo l\u00e0 tr\u00f2 ch\u01a1i d\u00f9ng 3 vi\u00ean x\u00fac x\u1eafc 6 m\u1eb7t, ng\u01b0\u1eddi ch\u01a1i d\u1ef1 \u0111o\u00e1n t\u1ed5ng \u0111i\u1ec3m c\u1ee7a 3 vi\u00ean x\u00fac x\u1eafc v\u00e0 \u0111\u1eb7t c\u01b0\u1ee3c t\u01b0\u01a1ng \u1ee9ng. C\u00e1ch ch\u01a1i sicbo kh\u00e1 \u0111\u01a1n gi\u1ea3n, b\u1ea1n l\u1ef1a ch\u1ecdn s\u1ed1 ti\u1ec1n c\u01b0\u1ee3c v\u00e0 \u0111\u1eb7t chip v\u00e0o \u00f4 c\u01b0\u1ee3c mu\u1ed1n ch\u01a1i.\u00a0<\/span><\/p>\n<p><span style=\"font-weight: 400;\">Khi \u0111\u00e3 ho\u00e0n th\u00e0nh \u0111\u1eb7t c\u01b0\u1ee3c, ng\u01b0\u1eddi chia b\u00e0i c\u1ee7a nh\u00e0 c\u00e1i s\u1ebd l\u1eafc x\u00fac x\u1eafc. Nh\u00e0 c\u00e1i s\u1ebd th\u00f4ng b\u00e1o k\u1ebft qu\u1ea3 t\u1ed5ng \u0111i\u1ec3m c\u1ee7a 3 vi\u00ean x\u00fac x\u1eafc, ng\u01b0\u1eddi ch\u01a1i s\u1ebd so s\u00e1nh k\u1ebft qu\u1ea3 n\u00e0y v\u1edbi c\u01b0\u1ee3c c\u1ee7a m\u00ecnh \u0111\u1ec3 x\u00e1c \u0111\u1ecbnh xem c\u00f3 chi\u1ebfn th\u1eafng hay kh\u00f4ng.<\/span><\/p>\n<h2><b>K\u1ebft lu\u1eadn\u00a0<\/b><\/h2>\n<p><span style=\"font-weight: 400;\">Tr\u00ean \u0111\u00e2y l\u00e0 nh\u1eefng th\u00f4ng tin t\u1ed5ng h\u1ee3p v\u1ec1 tr\u00f2 ch\u01a1i thu h\u00fat nhi\u1ec1u game th\u1ee7 nh\u1ea5t hi\u1ec7n nay \u0111\u00f3 ch\u00ednh l\u00e0 Casino M88. Hi v\u1ecdng v\u1edbi nh\u1eefng th\u00f4ng tin tr\u00ean \u0111\u00e3 gi\u00fap cho game th\u1ee7 c\u00f3 th\u1ec3 d\u1ec5 d\u00e0ng tr\u1ea3i nghi\u1ec7m c\u00e1 c\u01b0\u1ee3c c\u00f9ng M88.\u00a0<\/span><\/p>\n<\/p>\n\t\t<\/div>\n\t\t\t\t\t<\/div>\n\n\t\n<\/div>\n\t\t<\/div>\n\n\t\t\n<style>\n#section_859012607 {\n  padding-top: 30px;\n  padding-bottom: 30px;\n}\n<\/style>\n\t<\/section>\n\t\n","protected":false},"excerpt":{"rendered":"","protected":false},"author":1,"featured_media":436,"parent":0,"menu_order":0,"comment_status":"closed","ping_status":"closed","template":"page-blank.php","meta":{"footnotes":""},"class_list":["post-435","page","type-page","status-publish","has-post-thumbnail","hentry"],"_links":{"self":[{"href":"https:\/\/jthras.com\/en\/wp-json\/wp\/v2\/pages\/435","targetHints":{"allow":["GET"]}}],"collection":[{"href":"https:\/\/jthras.com\/en\/wp-json\/wp\/v2\/pages"}],"about":[{"href":"https:\/\/jthras.com\/en\/wp-json\/wp\/v2\/types\/page"}],"author":[{"embeddable":true,"href":"https:\/\/jthras.com\/en\/wp-json\/wp\/v2\/users\/1"}],"replies":[{"embeddable":true,"href":"https:\/\/jthras.com\/en\/wp-json\/wp\/v2\/comments?post=435"}],"version-history":[{"count":0,"href":"https:\/\/jthras.com\/en\/wp-json\/wp\/v2\/pages\/435\/revisions"}],"wp:featuredmedia":[{"embeddable":true,"href":"https:\/\/jthras.com\/en\/wp-json\/wp\/v2\/media\/436"}],"wp:attachment":[{"href":"https:\/\/jthras.com\/en\/wp-json\/wp\/v2\/media?parent=435"}],"curies":[{"name":"wp","href":"https:\/\/api.w.org\/{rel}","templated":true}]}}